{"id":160,"date":"2017-08-17T15:35:05","date_gmt":"2017-08-17T15:35:05","guid":{"rendered":"http:\/\/gerhard-frik.de\/?page_id=160"},"modified":"2018-08-15T11:53:13","modified_gmt":"2018-08-15T11:53:13","slug":"projekte-2002-2006","status":"publish","type":"page","link":"https:\/\/gerhard-frik.de\/LEsolar\/?page_id=160","title":{"rendered":"Projekte 2003 &#8211; 2006"},"content":{"rendered":"<p>&nbsp;<\/p>\n<table>\n<tbody>\n<tr>\n<td>\n<p><figure style=\"width: 300px\" class=\"wp-caption alignnone\"><img loading=\"lazy\" decoding=\"async\" src=\"https:\/\/gerhard-frik.de\/LEsolar\/wp-content\/uploads\/2017\/08\/slide0028_image041-300x203.jpg\" alt=\"Rad-Rallye 2003\" width=\"300\" height=\"203\" \/><figcaption class=\"wp-caption-text\">Rad-Rallye 2003<\/figcaption><\/figure><\/td>\n<td>\n<p><figure style=\"width: 300px\" class=\"wp-caption alignnone\"><img loading=\"lazy\" decoding=\"async\" src=\"https:\/\/gerhard-frik.de\/LEsolar\/wp-content\/uploads\/2017\/08\/02-1-300x200.jpg\" alt=\"Kid-City 2003 mit Solarkocher\" width=\"300\" height=\"200\" \/><figcaption class=\"wp-caption-text\">Kid-City 2003 mit Solarkocher<\/figcaption><\/figure><\/td>\n<\/tr>\n<tr>\n<td>\n<p><figure id=\"attachment_50\" aria-describedby=\"caption-attachment-50\" style=\"width: 300px\" class=\"wp-caption alignnone\"><img loading=\"lazy\" decoding=\"async\" class=\"wp-image-50 size-medium\" src=\"http:\/\/gerhard-frik.de\/wp-content\/uploads\/2017\/08\/04-300x198.jpg\" alt=\"\" width=\"300\" height=\"198\" srcset=\"https:\/\/gerhard-frik.de\/LEsolar\/wp-content\/uploads\/2017\/08\/04-300x198.jpg 300w, https:\/\/gerhard-frik.de\/LEsolar\/wp-content\/uploads\/2017\/08\/04-768x508.jpg 768w, https:\/\/gerhard-frik.de\/LEsolar\/wp-content\/uploads\/2017\/08\/04-1024x677.jpg 1024w, https:\/\/gerhard-frik.de\/LEsolar\/wp-content\/uploads\/2017\/08\/04.jpg 1470w\" sizes=\"auto, (max-width: 300px) 85vw, 300px\" \/><figcaption id=\"caption-attachment-50\" class=\"wp-caption-text\">Ger\u00fcste f\u00fcr die B\u00fcrgeranlagen<\/figcaption><\/figure><\/td>\n<td>\n<p><figure id=\"attachment_121\" aria-describedby=\"caption-attachment-121\" style=\"width: 300px\" class=\"wp-caption alignnone\"><img loading=\"lazy\" decoding=\"async\" class=\"wp-image-121 size-medium\" src=\"http:\/\/gerhard-frik.de\/wp-content\/uploads\/2017\/08\/10_red-300x200.jpg\" alt=\"\" width=\"300\" height=\"200\" srcset=\"https:\/\/gerhard-frik.de\/LEsolar\/wp-content\/uploads\/2017\/08\/10_red-300x200.jpg 300w, https:\/\/gerhard-frik.de\/LEsolar\/wp-content\/uploads\/2017\/08\/10_red.jpg 600w\" sizes=\"auto, (max-width: 300px) 85vw, 300px\" \/><figcaption id=\"caption-attachment-121\" class=\"wp-caption-text\">Helfer bei der Planung<\/figcaption><\/figure><\/td>\n<\/tr>\n<tr>\n<td>\n<p><figure id=\"attachment_62\" aria-describedby=\"caption-attachment-62\" style=\"width: 200px\" class=\"wp-caption alignnone\"><img loading=\"lazy\" decoding=\"async\" class=\"wp-image-62 size-medium\" src=\"http:\/\/gerhard-frik.de\/wp-content\/uploads\/2017\/08\/11-200x300.jpg\" alt=\"\" width=\"200\" height=\"300\" srcset=\"https:\/\/gerhard-frik.de\/LEsolar\/wp-content\/uploads\/2017\/08\/11-200x300.jpg 200w, https:\/\/gerhard-frik.de\/LEsolar\/wp-content\/uploads\/2017\/08\/11-768x1152.jpg 768w, https:\/\/gerhard-frik.de\/LEsolar\/wp-content\/uploads\/2017\/08\/11-683x1024.jpg 683w, https:\/\/gerhard-frik.de\/LEsolar\/wp-content\/uploads\/2017\/08\/11.jpg 1024w\" sizes=\"auto, (max-width: 200px) 85vw, 200px\" \/><figcaption id=\"caption-attachment-62\" class=\"wp-caption-text\">Mit Kran geht es leichter<\/figcaption><\/figure><\/td>\n<td>\n<p><figure id=\"attachment_136\" aria-describedby=\"caption-attachment-136\" style=\"width: 218px\" class=\"wp-caption alignnone\"><img loading=\"lazy\" decoding=\"async\" class=\"wp-image-136 size-medium\" src=\"http:\/\/gerhard-frik.de\/wp-content\/uploads\/2017\/08\/32_red-218x300.jpg\" alt=\"\" width=\"218\" height=\"300\" srcset=\"https:\/\/gerhard-frik.de\/LEsolar\/wp-content\/uploads\/2017\/08\/32_red-218x300.jpg 218w, https:\/\/gerhard-frik.de\/LEsolar\/wp-content\/uploads\/2017\/08\/32_red.jpg 600w\" sizes=\"auto, (max-width: 218px) 85vw, 218px\" \/><figcaption id=\"caption-attachment-136\" class=\"wp-caption-text\">Oder mit eigener Kraft<\/figcaption><\/figure><\/td>\n<\/tr>\n<tr>\n<td>\n<p><figure style=\"width: 300px\" class=\"wp-caption alignnone\"><img loading=\"lazy\" decoding=\"async\" src=\"http:\/\/gerhard-frik.de\/wp-content\/uploads\/2017\/08\/41_red-300x169.jpg\" alt=\"Putzaktion\" width=\"300\" height=\"169\" \/><figcaption class=\"wp-caption-text\">Putzaktion<\/figcaption><\/figure><\/td>\n<td>\n<p><figure style=\"width: 300px\" class=\"wp-caption alignnone\"><img loading=\"lazy\" decoding=\"async\" src=\"http:\/\/gerhard-frik.de\/wp-content\/uploads\/2017\/08\/07_red-300x200.jpg\" alt=\"Vereinsanlage ist fertig\" width=\"300\" height=\"200\" \/><figcaption class=\"wp-caption-text\">Vereinsanlage ist fertig<\/figcaption><\/figure><\/td>\n<\/tr>\n<\/tbody>\n<\/table>\n<p><a href=\"https:\/\/gerhard-frik.de\/LEsolar\/?page_id=165\">Hier geht&#8217;s zu den<\/a>\u00a0<a href=\"https:\/\/gerhard-frik.de\/LEsolar\/?page_id=165\">Projekten 2007 &#8211; 2009<\/a><\/p>\n","protected":false},"excerpt":{"rendered":"<p>&nbsp; Hier geht&#8217;s zu den\u00a0Projekten 2007 &#8211; 2009<\/p>\n","protected":false},"author":1,"featured_media":0,"parent":158,"menu_order":0,"comment_status":"closed","ping_status":"closed","template":"","meta":{"om_disable_all_campaigns":false,"_monsterinsights_skip_tracking":false,"_monsterinsights_sitenote_active":false,"_monsterinsights_sitenote_note":"","_monsterinsights_sitenote_category":0,"footnotes":""},"class_list":["post-160","page","type-page","status-publish","hentry"],"aioseo_notices":[],"_links":{"self":[{"href":"https:\/\/gerhard-frik.de\/LEsolar\/index.php?rest_route=\/wp\/v2\/pages\/160","targetHints":{"allow":["GET"]}}],"collection":[{"href":"https:\/\/gerhard-frik.de\/LEsolar\/index.php?rest_route=\/wp\/v2\/pages"}],"about":[{"href":"https:\/\/gerhard-frik.de\/LEsolar\/index.php?rest_route=\/wp\/v2\/types\/page"}],"author":[{"embeddable":true,"href":"https:\/\/gerhard-frik.de\/LEsolar\/index.php?rest_route=\/wp\/v2\/users\/1"}],"replies":[{"embeddable":true,"href":"https:\/\/gerhard-frik.de\/LEsolar\/index.php?rest_route=%2Fwp%2Fv2%2Fcomments&post=160"}],"version-history":[{"count":15,"href":"https:\/\/gerhard-frik.de\/LEsolar\/index.php?rest_route=\/wp\/v2\/pages\/160\/revisions"}],"predecessor-version":[{"id":413,"href":"https:\/\/gerhard-frik.de\/LEsolar\/index.php?rest_route=\/wp\/v2\/pages\/160\/revisions\/413"}],"up":[{"embeddable":true,"href":"https:\/\/gerhard-frik.de\/LEsolar\/index.php?rest_route=\/wp\/v2\/pages\/158"}],"wp:attachment":[{"href":"https:\/\/gerhard-frik.de\/LEsolar\/index.php?rest_route=%2Fwp%2Fv2%2Fmedia&parent=160"}],"curies":[{"name":"wp","href":"https:\/\/api.w.org\/{rel}","templated":true}]}}