{"id":173,"date":"2017-08-17T16:16:32","date_gmt":"2017-08-17T16:16:32","guid":{"rendered":"http:\/\/gerhard-frik.de\/?page_id=173"},"modified":"2023-11-17T10:52:44","modified_gmt":"2023-11-17T10:52:44","slug":"projekte-2010-2017","status":"publish","type":"page","link":"https:\/\/gerhard-frik.de\/LEsolar\/?page_id=173","title":{"rendered":"Projekte 2010 &#8211; 2023"},"content":{"rendered":"<table>\n<tbody valign=\"top\">\n<tr>\n<td>\n<p><figure id=\"attachment_77\" aria-describedby=\"caption-attachment-77\" style=\"width: 300px\" class=\"wp-caption aligncenter\"><img loading=\"lazy\" decoding=\"async\" class=\"wp-image-77 size-medium\" style=\"font-weight: bold; background-color: transparent; text-align: inherit; font-family: inherit;\" src=\"http:\/\/gerhard-frik.de\/wp-content\/uploads\/2017\/08\/25-300x225.jpg\" alt=\"B\u00fccherspende f\u00fcr die Bibliothek 2010\" width=\"300\" height=\"225\" srcset=\"https:\/\/gerhard-frik.de\/LEsolar\/wp-content\/uploads\/2017\/08\/25-300x225.jpg 300w, https:\/\/gerhard-frik.de\/LEsolar\/wp-content\/uploads\/2017\/08\/25-768x576.jpg 768w, https:\/\/gerhard-frik.de\/LEsolar\/wp-content\/uploads\/2017\/08\/25-1024x768.jpg 1024w, https:\/\/gerhard-frik.de\/LEsolar\/wp-content\/uploads\/2017\/08\/25.jpg 2048w\" sizes=\"auto, (max-width: 300px) 85vw, 300px\" \/><figcaption id=\"caption-attachment-77\" class=\"wp-caption-text\">B\u00fccherspende f\u00fcr die Bibliothek 2010<\/figcaption><\/figure><\/td>\n<td>\n<p><figure id=\"attachment_141\" aria-describedby=\"caption-attachment-141\" style=\"width: 300px\" class=\"wp-caption aligncenter\"><img loading=\"lazy\" decoding=\"async\" class=\"wp-image-141 size-medium\" src=\"https:\/\/gerhard-frik.de\/LEsolar\/wp-content\/uploads\/2017\/08\/43_red-300x169.jpg\" alt=\"Begutachtung nach Sturmschaden\" width=\"300\" height=\"169\" srcset=\"https:\/\/gerhard-frik.de\/LEsolar\/wp-content\/uploads\/2017\/08\/43_red-300x169.jpg 300w, https:\/\/gerhard-frik.de\/LEsolar\/wp-content\/uploads\/2017\/08\/43_red.jpg 600w\" sizes=\"auto, (max-width: 300px) 85vw, 300px\" \/><figcaption id=\"caption-attachment-141\" class=\"wp-caption-text\">Begutachtung nach Sturmschaden<\/figcaption><\/figure><\/td>\n<\/tr>\n<tr>\n<td>\n<p><figure id=\"attachment_79\" aria-describedby=\"caption-attachment-79\" style=\"width: 300px\" class=\"wp-caption alignnone\"><img loading=\"lazy\" decoding=\"async\" class=\"wp-image-79 size-medium\" style=\"font-weight: bold; background-color: transparent; text-align: inherit; font-family: inherit;\" src=\"https:\/\/gerhard-frik.de\/LEsolar\/wp-content\/uploads\/2017\/08\/29-300x225.jpg\" alt=\"Sch\u00f6nbuchkindergarten mit PV-Anlage\" width=\"300\" height=\"225\" srcset=\"https:\/\/gerhard-frik.de\/LEsolar\/wp-content\/uploads\/2017\/08\/29-300x225.jpg 300w, https:\/\/gerhard-frik.de\/LEsolar\/wp-content\/uploads\/2017\/08\/29-768x576.jpg 768w, https:\/\/gerhard-frik.de\/LEsolar\/wp-content\/uploads\/2017\/08\/29-1024x768.jpg 1024w, https:\/\/gerhard-frik.de\/LEsolar\/wp-content\/uploads\/2017\/08\/29.jpg 2048w\" sizes=\"auto, (max-width: 300px) 85vw, 300px\" \/><figcaption id=\"caption-attachment-79\" class=\"wp-caption-text\">Sch\u00f6nbuchkindergarten mit PV-Anlage<\/figcaption><\/figure><\/td>\n<td>\n<p><figure id=\"attachment_80\" aria-describedby=\"caption-attachment-80\" style=\"width: 300px\" class=\"wp-caption alignnone\"><img loading=\"lazy\" decoding=\"async\" class=\"wp-image-80 size-medium\" src=\"http:\/\/gerhard-frik.de\/wp-content\/uploads\/2017\/08\/30-300x225.jpg\" alt=\"\" width=\"300\" height=\"225\" srcset=\"https:\/\/gerhard-frik.de\/LEsolar\/wp-content\/uploads\/2017\/08\/30-300x225.jpg 300w, https:\/\/gerhard-frik.de\/LEsolar\/wp-content\/uploads\/2017\/08\/30-768x576.jpg 768w, https:\/\/gerhard-frik.de\/LEsolar\/wp-content\/uploads\/2017\/08\/30-1024x768.jpg 1024w, https:\/\/gerhard-frik.de\/LEsolar\/wp-content\/uploads\/2017\/08\/30.jpg 2048w\" sizes=\"auto, (max-width: 300px) 85vw, 300px\" \/><figcaption id=\"caption-attachment-80\" class=\"wp-caption-text\">Einweihung der B\u00fcrgeranlage auf dem Sch\u00f6nbuchkindergarten 2011<\/figcaption><\/figure><\/td>\n<\/tr>\n<\/tbody>\n<\/table>\n<p><strong>2012\u00a0\u00a0\u00a0\u00a0\u00a0 10-j\u00e4riges Vereinsjubil\u00e4um mit Vortrag Franz Alt im Kulturforum<\/strong><\/p>\n<table>\n<tbody>\n<tr>\n<td>\n<p><figure id=\"attachment_103\" aria-describedby=\"caption-attachment-103\" style=\"width: 300px\" class=\"wp-caption alignnone\"><img loading=\"lazy\" decoding=\"async\" class=\"wp-image-103 size-medium\" src=\"https:\/\/gerhard-frik.de\/LEsolar\/wp-content\/uploads\/2017\/08\/Foto-Franz-Alt-2_red-1-300x169.jpg\" alt=\"Volles Kulturzentrum beim Vortrag\" width=\"300\" height=\"169\" srcset=\"https:\/\/gerhard-frik.de\/LEsolar\/wp-content\/uploads\/2017\/08\/Foto-Franz-Alt-2_red-1-300x169.jpg 300w, https:\/\/gerhard-frik.de\/LEsolar\/wp-content\/uploads\/2017\/08\/Foto-Franz-Alt-2_red-1-768x432.jpg 768w, https:\/\/gerhard-frik.de\/LEsolar\/wp-content\/uploads\/2017\/08\/Foto-Franz-Alt-2_red-1-1024x577.jpg 1024w\" sizes=\"auto, (max-width: 300px) 85vw, 300px\" \/><figcaption id=\"caption-attachment-103\" class=\"wp-caption-text\">Volles Kulturzentrum beim Vortrag<\/figcaption><\/figure><\/td>\n<td>\n<p><figure id=\"attachment_105\" aria-describedby=\"caption-attachment-105\" style=\"width: 300px\" class=\"wp-caption alignnone\"><img loading=\"lazy\" decoding=\"async\" class=\"wp-image-105 size-medium\" src=\"https:\/\/gerhard-frik.de\/LEsolar\/wp-content\/uploads\/2017\/08\/Foto-franz-ALt-1_red-300x169.jpg\" alt=\"Im Gespr\u00e4ch mit Dr. Franz Alt\" width=\"300\" height=\"169\" srcset=\"https:\/\/gerhard-frik.de\/LEsolar\/wp-content\/uploads\/2017\/08\/Foto-franz-ALt-1_red-300x169.jpg 300w, https:\/\/gerhard-frik.de\/LEsolar\/wp-content\/uploads\/2017\/08\/Foto-franz-ALt-1_red.jpg 600w\" sizes=\"auto, (max-width: 300px) 85vw, 300px\" \/><figcaption id=\"caption-attachment-105\" class=\"wp-caption-text\">Im Gespr\u00e4ch mit Dr. Franz Alt<\/figcaption><\/figure><\/td>\n<\/tr>\n<\/tbody>\n<\/table>\n<p>Solarbasteln f\u00fcr Kinder, Modelle und frei gestaltete Objekte<\/p>\n<table>\n<tbody>\n<tr>\n<td>\n<p><figure id=\"attachment_137\" aria-describedby=\"caption-attachment-137\" style=\"width: 169px\" class=\"wp-caption aligncenter\"><img loading=\"lazy\" decoding=\"async\" class=\"wp-image-137 size-medium\" style=\"font-weight: bold; background-color: transparent; text-align: inherit;\" src=\"https:\/\/gerhard-frik.de\/LEsolar\/wp-content\/uploads\/2017\/08\/37a_red-169x300.jpg\" alt=\"Kid-City 2013 Solarmodellbastel\" width=\"169\" height=\"300\" srcset=\"https:\/\/gerhard-frik.de\/LEsolar\/wp-content\/uploads\/2017\/08\/37a_red-169x300.jpg 169w, https:\/\/gerhard-frik.de\/LEsolar\/wp-content\/uploads\/2017\/08\/37a_red-576x1024.jpg 576w, https:\/\/gerhard-frik.de\/LEsolar\/wp-content\/uploads\/2017\/08\/37a_red.jpg 600w\" sizes=\"auto, (max-width: 169px) 85vw, 169px\" \/><figcaption id=\"caption-attachment-137\" class=\"wp-caption-text\">Kid-City 2013 Solarmodellbasteln<\/figcaption><\/figure><\/td>\n<td>\n<p><figure id=\"attachment_83\" aria-describedby=\"caption-attachment-83\" style=\"width: 225px\" class=\"wp-caption aligncenter\"><img loading=\"lazy\" decoding=\"async\" class=\"wp-image-83 size-medium\" src=\"http:\/\/gerhard-frik.de\/wp-content\/uploads\/2017\/08\/39-225x300.jpg\" alt=\"\" width=\"225\" height=\"300\" srcset=\"https:\/\/gerhard-frik.de\/LEsolar\/wp-content\/uploads\/2017\/08\/39-225x300.jpg 225w, https:\/\/gerhard-frik.de\/LEsolar\/wp-content\/uploads\/2017\/08\/39-768x1024.jpg 768w\" sizes=\"auto, (max-width: 225px) 85vw, 225px\" \/><figcaption id=\"caption-attachment-83\" class=\"wp-caption-text\">Im Waldheim gebastelte Solarmodelle 2013<\/figcaption><\/figure><\/td>\n<\/tr>\n<tr>\n<td>\n<p><figure id=\"attachment_144\" aria-describedby=\"caption-attachment-144\" style=\"width: 300px\" class=\"wp-caption aligncenter\"><img loading=\"lazy\" decoding=\"async\" class=\"wp-image-144 size-medium\" style=\"font-weight: bold; background-color: transparent; text-align: inherit;\" src=\"https:\/\/gerhard-frik.de\/LEsolar\/wp-content\/uploads\/2017\/08\/50_red-300x225.jpg\" alt=\"beim Sommerfest der Gr\u00fcnen 2016\" width=\"300\" height=\"225\" srcset=\"https:\/\/gerhard-frik.de\/LEsolar\/wp-content\/uploads\/2017\/08\/50_red-300x225.jpg 300w, https:\/\/gerhard-frik.de\/LEsolar\/wp-content\/uploads\/2017\/08\/50_red.jpg 600w\" sizes=\"auto, (max-width: 300px) 85vw, 300px\" \/><figcaption id=\"caption-attachment-144\" class=\"wp-caption-text\">beim Sommerfest der Gr\u00fcnen 2016<\/figcaption><\/figure><\/td>\n<td>\n<p><figure id=\"attachment_443\" aria-describedby=\"caption-attachment-443\" style=\"width: 300px\" class=\"wp-caption aligncenter\"><img loading=\"lazy\" decoding=\"async\" class=\"wp-image-443 size-medium\" src=\"https:\/\/gerhard-frik.de\/LEsolar\/wp-content\/uploads\/2018\/09\/KidCity_2018-300x200.jpg\" alt=\"\" width=\"300\" height=\"200\" srcset=\"https:\/\/gerhard-frik.de\/LEsolar\/wp-content\/uploads\/2018\/09\/KidCity_2018-300x200.jpg 300w, https:\/\/gerhard-frik.de\/LEsolar\/wp-content\/uploads\/2018\/09\/KidCity_2018.jpg 600w\" sizes=\"auto, (max-width: 300px) 85vw, 300px\" \/><figcaption id=\"caption-attachment-443\" class=\"wp-caption-text\">Kid-City 2018 Solarwerkstatt<\/figcaption><\/figure><\/td>\n<\/tr>\n<tr>\n<td style=\"text-align: left;\">\n<pre style=\"text-align: center;\"><em>Scheck\u00fcbergabe f\u00fcr Tansania PV-Projekt an Dr. Haag<\/em><img loading=\"lazy\" decoding=\"async\" class=\"size-medium wp-image-388 aligncenter\" style=\"font-weight: bold; background-color: transparent; text-align: inherit; font-family: inherit;\" src=\"https:\/\/gerhard-frik.de\/LEsolar\/wp-content\/uploads\/2018\/08\/Spende-f\u00fcr-PV-Projekt-in-Tansania-red-300x200.jpg\" alt=\"\" width=\"300\" height=\"200\" srcset=\"https:\/\/gerhard-frik.de\/LEsolar\/wp-content\/uploads\/2018\/08\/Spende-f\u00fcr-PV-Projekt-in-Tansania-red-300x200.jpg 300w, https:\/\/gerhard-frik.de\/LEsolar\/wp-content\/uploads\/2018\/08\/Spende-f\u00fcr-PV-Projekt-in-Tansania-red.jpg 600w\" sizes=\"auto, (max-width: 300px) 85vw, 300px\" \/><\/pre>\n<pre><span style=\"color: #686868; font-size: 13px; font-style: italic; background-color: transparent; text-align: inherit; font-family: inherit;\">5000,- \u20ac Spende von LE-Solar an das Tansania-Projekt von Alt-BM Dr. G. Haag mit OB Klenk, OStD Krause PMHG, Dr. G. Scherm, T. Gunzenh\u00e4user und U.Brockschmidt (LE Solar) von links\r\n<\/span><span style=\"color: #686868; font-size: 13px; font-style: italic; background-color: transparent; text-align: inherit; font-family: inherit;\">Fotograf: G\u00fcnter E. Bergmann\r\n<\/span><span style=\"color: #686868; font-size: 13px; font-style: italic; background-color: transparent; text-align: inherit; font-family: inherit;\">Presse-, Werbe- und Eventfotografie\r\n<\/span><span style=\"color: #686868; font-size: 13px; font-style: italic; background-color: transparent; text-align: inherit; font-family: inherit;\">Aufnahmedatum: 12.06.2017<\/span><\/pre>\n<\/td>\n<td style=\"text-align: left;\" valign=\"top\">\n<pre><em>Bau einer Ausbildungs-Solaranlage<\/em>\r\n<em>f\u00fcr Elektrotechnik-Lehrlinge in Tansania <\/em><\/pre>\n<p><img loading=\"lazy\" decoding=\"async\" class=\"size-medium wp-image-492 aligncenter\" style=\"font-family: inherit; font-size: inherit;\" src=\"https:\/\/gerhard-frik.de\/LEsolar\/wp-content\/uploads\/2021\/05\/C.Mwakibele-300x169.jpg\" alt=\"\" width=\"300\" height=\"169\" srcset=\"https:\/\/gerhard-frik.de\/LEsolar\/wp-content\/uploads\/2021\/05\/C.Mwakibele-300x169.jpg 300w, https:\/\/gerhard-frik.de\/LEsolar\/wp-content\/uploads\/2021\/05\/C.Mwakibele-768x432.jpg 768w, https:\/\/gerhard-frik.de\/LEsolar\/wp-content\/uploads\/2021\/05\/C.Mwakibele.jpg 960w\" sizes=\"auto, (max-width: 300px) 85vw, 300px\" \/><\/p>\n<pre><em>mit Hilfe einer 5000 Euro Spende von LE Solar konnte die Ausbildung der Elektrotechniker in Tukuyu, Tansania um das Gebiet der Photovoltaik erg\u00e4nzt werden<span style=\"font-family: inherit; font-size: 13px;\">.<\/span><\/em>\r\n\r\n<em>Fotograf: Clement Mwakibele, VTC Rungwe, Tukuyu Tansania, 2021,2023<\/em><\/pre>\n<p><img loading=\"lazy\" decoding=\"async\" class=\"alignnone size-medium wp-image-513\" src=\"https:\/\/gerhard-frik.de\/LEsolar\/wp-content\/uploads\/2023\/11\/SolarTraining-7-1024x576-1-300x169.webp\" alt=\"\" width=\"300\" height=\"169\" srcset=\"https:\/\/gerhard-frik.de\/LEsolar\/wp-content\/uploads\/2023\/11\/SolarTraining-7-1024x576-1-300x169.webp 300w, https:\/\/gerhard-frik.de\/LEsolar\/wp-content\/uploads\/2023\/11\/SolarTraining-7-1024x576-1-768x432.webp 768w, https:\/\/gerhard-frik.de\/LEsolar\/wp-content\/uploads\/2023\/11\/SolarTraining-7-1024x576-1.webp 1024w\" sizes=\"auto, (max-width: 300px) 85vw, 300px\" \/><\/td>\n<\/tr>\n<\/tbody>\n<\/table>\n<p>&nbsp;<\/p>\n","protected":false},"excerpt":{"rendered":"<p>2012\u00a0\u00a0\u00a0\u00a0\u00a0 10-j\u00e4riges Vereinsjubil\u00e4um mit Vortrag Franz Alt im Kulturforum Solarbasteln f\u00fcr Kinder, Modelle und frei gestaltete Objekte Scheck\u00fcbergabe f\u00fcr Tansania PV-Projekt an Dr. Haag 5000,- \u20ac Spende von LE-Solar an das Tansania-Projekt von Alt-BM Dr. G. Haag mit OB Klenk, OStD Krause PMHG, Dr. G. Scherm, T. Gunzenh\u00e4user und U.Brockschmidt (LE Solar) von links Fotograf: &hellip; <a href=\"https:\/\/gerhard-frik.de\/LEsolar\/?page_id=173\" class=\"more-link\"><span class=\"screen-reader-text\">\u201eProjekte 2010 &#8211; 2023\u201c <\/span>weiterlesen<\/a><\/p>\n","protected":false},"author":1,"featured_media":0,"parent":158,"menu_order":2,"comment_status":"closed","ping_status":"closed","template":"","meta":{"om_disable_all_campaigns":false,"_monsterinsights_skip_tracking":false,"_monsterinsights_sitenote_active":false,"_monsterinsights_sitenote_note":"","_monsterinsights_sitenote_category":0,"footnotes":""},"class_list":["post-173","page","type-page","status-publish","hentry"],"aioseo_notices":[],"_links":{"self":[{"href":"https:\/\/gerhard-frik.de\/LEsolar\/index.php?rest_route=\/wp\/v2\/pages\/173","targetHints":{"allow":["GET"]}}],"collection":[{"href":"https:\/\/gerhard-frik.de\/LEsolar\/index.php?rest_route=\/wp\/v2\/pages"}],"about":[{"href":"https:\/\/gerhard-frik.de\/LEsolar\/index.php?rest_route=\/wp\/v2\/types\/page"}],"author":[{"embeddable":true,"href":"https:\/\/gerhard-frik.de\/LEsolar\/index.php?rest_route=\/wp\/v2\/users\/1"}],"replies":[{"embeddable":true,"href":"https:\/\/gerhard-frik.de\/LEsolar\/index.php?rest_route=%2Fwp%2Fv2%2Fcomments&post=173"}],"version-history":[{"count":49,"href":"https:\/\/gerhard-frik.de\/LEsolar\/index.php?rest_route=\/wp\/v2\/pages\/173\/revisions"}],"predecessor-version":[{"id":520,"href":"https:\/\/gerhard-frik.de\/LEsolar\/index.php?rest_route=\/wp\/v2\/pages\/173\/revisions\/520"}],"up":[{"embeddable":true,"href":"https:\/\/gerhard-frik.de\/LEsolar\/index.php?rest_route=\/wp\/v2\/pages\/158"}],"wp:attachment":[{"href":"https:\/\/gerhard-frik.de\/LEsolar\/index.php?rest_route=%2Fwp%2Fv2%2Fmedia&parent=173"}],"curies":[{"name":"wp","href":"https:\/\/api.w.org\/{rel}","templated":true}]}}