{"id":225,"date":"2017-08-18T08:37:47","date_gmt":"2017-08-18T08:37:47","guid":{"rendered":"http:\/\/gerhard-frik.de\/?page_id=225"},"modified":"2026-01-28T08:07:37","modified_gmt":"2026-01-28T08:07:37","slug":"ertraege-der-anlage","status":"publish","type":"page","link":"https:\/\/gerhard-frik.de\/LEsolar\/?page_id=225","title":{"rendered":"Ertr\u00e4ge der Anlage"},"content":{"rendered":"<p>Die Vereinsanlage auf dem Dach des Philipp-Matth\u00e4us-Hahn-Gymnasiums in Echterdingen hat einen idealen verschattungsfreien Standort. Die Ertr\u00e4ge liegen deshalb etwas \u00fcber dem orts\u00fcblichen Durchschnitt.<\/p>\n<p><img loading=\"lazy\" decoding=\"async\" class=\"alignnone size-medium wp-image-547\" src=\"https:\/\/gerhard-frik.de\/LEsolar\/wp-content\/uploads\/2026\/01\/Diagramm-2025-12-300x187.jpg\" alt=\"\" width=\"300\" height=\"187\" srcset=\"https:\/\/gerhard-frik.de\/LEsolar\/wp-content\/uploads\/2026\/01\/Diagramm-2025-12-300x187.jpg 300w, https:\/\/gerhard-frik.de\/LEsolar\/wp-content\/uploads\/2026\/01\/Diagramm-2025-12-768x479.jpg 768w, https:\/\/gerhard-frik.de\/LEsolar\/wp-content\/uploads\/2026\/01\/Diagramm-2025-12.jpg 810w\" sizes=\"auto, (max-width: 300px) 85vw, 300px\" \/><\/p>\n<p>Monatsertr\u00e4ge\u00a0 im Jahr 2025<\/p>\n<p><strong>\u00dcberblick \u00fcber die Jahresertr\u00e4ge<\/strong><\/p>\n<p style=\"padding-left: 30px;\">Als Faustformel f\u00fcr den Bundesdurchschnitt wird ein Wert von ca.950 kWh je kWp, f\u00fcr S\u00fcddeutschland von ca. 1000 kWh je kWp zugrunde gelegt. Die Vereinsanlage erwirtschaftete im Durchschnitt 2006-2025 ca.1100 kWh je kWp, innerhalb der 20 Jahre somit ca. 121 MWh.<\/p>\n<p><img loading=\"lazy\" decoding=\"async\" class=\"alignnone wp-image-545\" src=\"https:\/\/gerhard-frik.de\/LEsolar\/wp-content\/uploads\/2026\/01\/Jahres_Ertraege_bis_2025-2-300x202.jpg\" alt=\"\" width=\"441\" height=\"297\" srcset=\"https:\/\/gerhard-frik.de\/LEsolar\/wp-content\/uploads\/2026\/01\/Jahres_Ertraege_bis_2025-2-300x202.jpg 300w, https:\/\/gerhard-frik.de\/LEsolar\/wp-content\/uploads\/2026\/01\/Jahres_Ertraege_bis_2025-2-1024x688.jpg 1024w, https:\/\/gerhard-frik.de\/LEsolar\/wp-content\/uploads\/2026\/01\/Jahres_Ertraege_bis_2025-2-768x516.jpg 768w, https:\/\/gerhard-frik.de\/LEsolar\/wp-content\/uploads\/2026\/01\/Jahres_Ertraege_bis_2025-2.jpg 1058w\" sizes=\"auto, (max-width: 441px) 85vw, 441px\" \/><\/p>\n","protected":false},"excerpt":{"rendered":"<p>Die Vereinsanlage auf dem Dach des Philipp-Matth\u00e4us-Hahn-Gymnasiums in Echterdingen hat einen idealen verschattungsfreien Standort. Die Ertr\u00e4ge liegen deshalb etwas \u00fcber dem orts\u00fcblichen Durchschnitt. Monatsertr\u00e4ge\u00a0 im Jahr 2025 \u00dcberblick \u00fcber die Jahresertr\u00e4ge Als Faustformel f\u00fcr den Bundesdurchschnitt wird ein Wert von ca.950 kWh je kWp, f\u00fcr S\u00fcddeutschland von ca. 1000 kWh je kWp zugrunde gelegt. Die &hellip; <a href=\"https:\/\/gerhard-frik.de\/LEsolar\/?page_id=225\" class=\"more-link\"><span class=\"screen-reader-text\">\u201eErtr\u00e4ge der Anlage\u201c <\/span>weiterlesen<\/a><\/p>\n","protected":false},"author":1,"featured_media":123,"parent":34,"menu_order":0,"comment_status":"closed","ping_status":"closed","template":"","meta":{"om_disable_all_campaigns":false,"_monsterinsights_skip_tracking":false,"_monsterinsights_sitenote_active":false,"_monsterinsights_sitenote_note":"","_monsterinsights_sitenote_category":0,"footnotes":""},"class_list":["post-225","page","type-page","status-publish","has-post-thumbnail","hentry"],"aioseo_notices":[],"_links":{"self":[{"href":"https:\/\/gerhard-frik.de\/LEsolar\/index.php?rest_route=\/wp\/v2\/pages\/225","targetHints":{"allow":["GET"]}}],"collection":[{"href":"https:\/\/gerhard-frik.de\/LEsolar\/index.php?rest_route=\/wp\/v2\/pages"}],"about":[{"href":"https:\/\/gerhard-frik.de\/LEsolar\/index.php?rest_route=\/wp\/v2\/types\/page"}],"author":[{"embeddable":true,"href":"https:\/\/gerhard-frik.de\/LEsolar\/index.php?rest_route=\/wp\/v2\/users\/1"}],"replies":[{"embeddable":true,"href":"https:\/\/gerhard-frik.de\/LEsolar\/index.php?rest_route=%2Fwp%2Fv2%2Fcomments&post=225"}],"version-history":[{"count":27,"href":"https:\/\/gerhard-frik.de\/LEsolar\/index.php?rest_route=\/wp\/v2\/pages\/225\/revisions"}],"predecessor-version":[{"id":548,"href":"https:\/\/gerhard-frik.de\/LEsolar\/index.php?rest_route=\/wp\/v2\/pages\/225\/revisions\/548"}],"up":[{"embeddable":true,"href":"https:\/\/gerhard-frik.de\/LEsolar\/index.php?rest_route=\/wp\/v2\/pages\/34"}],"wp:featuredmedia":[{"embeddable":true,"href":"https:\/\/gerhard-frik.de\/LEsolar\/index.php?rest_route=\/wp\/v2\/media\/123"}],"wp:attachment":[{"href":"https:\/\/gerhard-frik.de\/LEsolar\/index.php?rest_route=%2Fwp%2Fv2%2Fmedia&parent=225"}],"curies":[{"name":"wp","href":"https:\/\/api.w.org\/{rel}","templated":true}]}}