{"id":235,"date":"2017-08-18T09:24:20","date_gmt":"2017-08-18T09:24:20","guid":{"rendered":"http:\/\/gerhard-frik.de\/?page_id=235"},"modified":"2021-05-11T16:18:45","modified_gmt":"2021-05-11T16:18:45","slug":"links-zum-thema","status":"publish","type":"page","link":"https:\/\/gerhard-frik.de\/LEsolar\/?page_id=235","title":{"rendered":"Links zum Thema"},"content":{"rendered":"<p><strong>N\u00fctzliche Adressen\u00a0\u00a0<\/strong><\/p>\n<p>Das <strong>Fraunhofer-Institut f\u00fcr Solare Energiesysteme<\/strong> ver\u00f6ffentlicht t\u00e4glich Daten zu Stromerzeugung, installierter Leistung, Preisen und Stromexport in die Nachbarl\u00e4nder usw. <a href=\"http:\/\/www.energy-charts.de\">www.energy-charts.de<\/a><\/p>\n<p><a href=\"http:\/\/www.zsw-bw.de\">Zentrum f\u00fcr Sonnenenergie und Wasserstoff-Forschung BW<\/a><br \/>\n<a href=\"http:\/\/www.dwd.de\">Deutscher Wetterdienst, Umweltberatung<\/a><br \/>\n<a href=\"http:\/\/www.lubw.baden-wuerttemberg.de\">Landesanstalt f\u00fcr Umweltschutz<\/a><br \/>\n<a href=\"http:\/\/www.bmu.de\">Bundesumweltministerium, Referat \u00d6ffentlichkeitsarbeit<\/a>, u.a. Energiespartipps<br \/>\n<a href=\"http:\/\/www.deutsche-energie-agentur.de\">Deutsche Energie Agentur<\/a>, mit kostenloser Energie-Hotline: 08000 736 734<br \/>\nBundesverband Solarwirtschaft <a href=\"http:\/\/www.solarfoerderung.de\">Optimale Finanzierung Ihrer Solaranlage<\/a><br \/>\n<a href=\"http:\/\/www.ise.fraunhofer.de\">Institut f\u00fcr Solare Energiesysteme, Solarlinks<\/a><\/p>\n<p><strong>Vereine<\/strong><\/p>\n<p><a href=\"http:\/\/www.stuttgart-solar.de\">Stuttgart Solar e.V.<\/a><br \/>\n<a href=\"http:\/\/www.solarverein-marbach.de\">Solarverein Marbach am Neckar e.V.<\/a><br \/>\n<a href=\"http:\/\/www.sfv.de\">Solarenergie F\u00f6rderverein e.V.<\/a><br \/>\n<a href=\"http:\/\/www.fesa.de\">Fesa F\u00f6rderverein Energie- und Solaragentur Freiburg e.V.<\/a><br \/>\n<a href=\"http:\/\/www.solarregion.net\">Solarregion Freiburg<\/a><br \/>\n<a href=\"http:\/\/www.sev-bayern.de\">Solarenergief\u00f6rderverein Bayern e.V.<\/a><\/p>\n","protected":false},"excerpt":{"rendered":"<p>N\u00fctzliche Adressen\u00a0\u00a0 Das Fraunhofer-Institut f\u00fcr Solare Energiesysteme ver\u00f6ffentlicht t\u00e4glich Daten zu Stromerzeugung, installierter Leistung, Preisen und Stromexport in die Nachbarl\u00e4nder usw. www.energy-charts.de Zentrum f\u00fcr Sonnenenergie und Wasserstoff-Forschung BW Deutscher Wetterdienst, Umweltberatung Landesanstalt f\u00fcr Umweltschutz Bundesumweltministerium, Referat \u00d6ffentlichkeitsarbeit, u.a. Energiespartipps Deutsche Energie Agentur, mit kostenloser Energie-Hotline: 08000 736 734 Bundesverband Solarwirtschaft Optimale Finanzierung Ihrer Solaranlage Institut &hellip; <a href=\"https:\/\/gerhard-frik.de\/LEsolar\/?page_id=235\" class=\"more-link\"><span class=\"screen-reader-text\">\u201eLinks zum Thema\u201c <\/span>weiterlesen<\/a><\/p>\n","protected":false},"author":1,"featured_media":0,"parent":34,"menu_order":1,"comment_status":"closed","ping_status":"closed","template":"","meta":{"om_disable_all_campaigns":false,"_monsterinsights_skip_tracking":false,"_monsterinsights_sitenote_active":false,"_monsterinsights_sitenote_note":"","_monsterinsights_sitenote_category":0,"footnotes":""},"class_list":["post-235","page","type-page","status-publish","hentry"],"aioseo_notices":[],"_links":{"self":[{"href":"https:\/\/gerhard-frik.de\/LEsolar\/index.php?rest_route=\/wp\/v2\/pages\/235","targetHints":{"allow":["GET"]}}],"collection":[{"href":"https:\/\/gerhard-frik.de\/LEsolar\/index.php?rest_route=\/wp\/v2\/pages"}],"about":[{"href":"https:\/\/gerhard-frik.de\/LEsolar\/index.php?rest_route=\/wp\/v2\/types\/page"}],"author":[{"embeddable":true,"href":"https:\/\/gerhard-frik.de\/LEsolar\/index.php?rest_route=\/wp\/v2\/users\/1"}],"replies":[{"embeddable":true,"href":"https:\/\/gerhard-frik.de\/LEsolar\/index.php?rest_route=%2Fwp%2Fv2%2Fcomments&post=235"}],"version-history":[{"count":10,"href":"https:\/\/gerhard-frik.de\/LEsolar\/index.php?rest_route=\/wp\/v2\/pages\/235\/revisions"}],"predecessor-version":[{"id":497,"href":"https:\/\/gerhard-frik.de\/LEsolar\/index.php?rest_route=\/wp\/v2\/pages\/235\/revisions\/497"}],"up":[{"embeddable":true,"href":"https:\/\/gerhard-frik.de\/LEsolar\/index.php?rest_route=\/wp\/v2\/pages\/34"}],"wp:attachment":[{"href":"https:\/\/gerhard-frik.de\/LEsolar\/index.php?rest_route=%2Fwp%2Fv2%2Fmedia&parent=235"}],"curies":[{"name":"wp","href":"https:\/\/api.w.org\/{rel}","templated":true}]}}