{"id":267,"date":"2017-08-22T13:32:17","date_gmt":"2017-08-22T13:32:17","guid":{"rendered":"http:\/\/gerhard-frik.de\/?page_id=267"},"modified":"2021-05-05T21:10:26","modified_gmt":"2021-05-05T21:10:26","slug":"wer-wir-sind","status":"publish","type":"page","link":"https:\/\/gerhard-frik.de\/LEsolar\/?page_id=267","title":{"rendered":"Wer wir sind"},"content":{"rendered":"<p>&#8222;LE-Solar e.V., F\u00f6rderverein f\u00fcr Sonnenenergie&#8220; ist ein Verein, der am 20. Februar 2002 durch 12 B\u00fcrgerinnen und B\u00fcrger aus Leinfelden-Echterdingen gegr\u00fcndet wurde.<\/p>\n<p>Ausl\u00f6ser war die im Forum &#8222;Umwelt und Verkehr&#8220; des B\u00fcrgerdialogs entstandene Idee einer gro\u00dfen Photovoltaik-Anlage auf einem \u00f6ffentlichen Geb\u00e4ude in LE.<\/p>\n<p><a href=\"https:\/\/gerhard-frik.de\/LEsolar\/?page_id=204\">Etwas zu unserer Geschichte &#8211;&gt;<\/a><\/p>\n<p>Vorsitzender: Tilo Gunzenh\u00e4user<br \/>\nstellv. Vorsitzender:\u00a0Dr. Georg Scherm<br \/>\nSchriftf\u00fchrer: Gerhard Frik<br \/>\nKassierin: Ortrun Melix<br \/>\nKassenpr\u00fcfer: Siegfried B\u00f6hme, Ulrich Brockschmidt<\/p>\n<p>&nbsp;<\/p>\n","protected":false},"excerpt":{"rendered":"<p>&#8222;LE-Solar e.V., F\u00f6rderverein f\u00fcr Sonnenenergie&#8220; ist ein Verein, der am 20. Februar 2002 durch 12 B\u00fcrgerinnen und B\u00fcrger aus Leinfelden-Echterdingen gegr\u00fcndet wurde. Ausl\u00f6ser war die im Forum &#8222;Umwelt und Verkehr&#8220; des B\u00fcrgerdialogs entstandene Idee einer gro\u00dfen Photovoltaik-Anlage auf einem \u00f6ffentlichen Geb\u00e4ude in LE. Etwas zu unserer Geschichte &#8211;&gt; Vorsitzender: Tilo Gunzenh\u00e4user stellv. Vorsitzender:\u00a0Dr. Georg Scherm &hellip; <a href=\"https:\/\/gerhard-frik.de\/LEsolar\/?page_id=267\" class=\"more-link\"><span class=\"screen-reader-text\">\u201eWer wir sind\u201c <\/span>weiterlesen<\/a><\/p>\n","protected":false},"author":1,"featured_media":0,"parent":0,"menu_order":0,"comment_status":"closed","ping_status":"closed","template":"","meta":{"om_disable_all_campaigns":false,"_monsterinsights_skip_tracking":false,"_monsterinsights_sitenote_active":false,"_monsterinsights_sitenote_note":"","_monsterinsights_sitenote_category":0,"footnotes":""},"class_list":["post-267","page","type-page","status-publish","hentry"],"aioseo_notices":[],"_links":{"self":[{"href":"https:\/\/gerhard-frik.de\/LEsolar\/index.php?rest_route=\/wp\/v2\/pages\/267","targetHints":{"allow":["GET"]}}],"collection":[{"href":"https:\/\/gerhard-frik.de\/LEsolar\/index.php?rest_route=\/wp\/v2\/pages"}],"about":[{"href":"https:\/\/gerhard-frik.de\/LEsolar\/index.php?rest_route=\/wp\/v2\/types\/page"}],"author":[{"embeddable":true,"href":"https:\/\/gerhard-frik.de\/LEsolar\/index.php?rest_route=\/wp\/v2\/users\/1"}],"replies":[{"embeddable":true,"href":"https:\/\/gerhard-frik.de\/LEsolar\/index.php?rest_route=%2Fwp%2Fv2%2Fcomments&post=267"}],"version-history":[{"count":10,"href":"https:\/\/gerhard-frik.de\/LEsolar\/index.php?rest_route=\/wp\/v2\/pages\/267\/revisions"}],"predecessor-version":[{"id":472,"href":"https:\/\/gerhard-frik.de\/LEsolar\/index.php?rest_route=\/wp\/v2\/pages\/267\/revisions\/472"}],"wp:attachment":[{"href":"https:\/\/gerhard-frik.de\/LEsolar\/index.php?rest_route=%2Fwp%2Fv2%2Fmedia&parent=267"}],"curies":[{"name":"wp","href":"https:\/\/api.w.org\/{rel}","templated":true}]}}