{"id":28,"date":"2017-08-16T09:56:50","date_gmt":"2017-08-16T09:56:50","guid":{"rendered":"http:\/\/gerhard-frik.de\/?page_id=28"},"modified":"2018-08-14T11:30:30","modified_gmt":"2018-08-14T11:30:30","slug":"unser-ziel","status":"publish","type":"page","link":"https:\/\/gerhard-frik.de\/LEsolar\/?page_id=28","title":{"rendered":"Unser Ziel"},"content":{"rendered":"<p><a href=\"https:\/\/gerhard-frik.de\/LEsolar\/wp-content\/uploads\/2018\/08\/18Vereinssatzung-2018-neu.pdf\">Vereinssatzung 2018<\/a><\/p>\n<p>Zweck des Vereins ist die Unterst\u00fctzung des Umweltschutzes durch die F\u00f6rderung der Nutzung von erneuerbaren Energien mit Schwerpunkt in Leinfelden-Echterdingen.<\/p>\n<p>Der zentrale \u00a0Schwerpunkt liegt auf Information und Beratung von \u00d6ffentlichkeit und \u00a0interessierten B\u00fcrgern. Einen weiteren Schwerpunkt bildet das Bestreben, Kinder und Jugendliche fr\u00fchzeitig f\u00fcr Photovoltaik zu interessieren.<\/p>\n<p>Unser Vorbild war die gro\u00dfe Photovoltaik-Anlage auf der Filderschule in Degerloch, die bereits sehr fr\u00fchzeitig errichtet worden war.<\/p>\n<p>F\u00fcr Erwachsene haben wir insbesondere mehrere sogenannte \u201eSolarspazierg\u00e4nge\u201c\u00a0 zu unterschiedlichen Projekten regenerativer Energien, teilweise zusammen mit den Stadtwerken, durchgef\u00fchrt.<\/p>\n<p>F\u00fcr Kinder und Jugendliche stellen wir vor allem Modellbaus\u00e4tze mit Photovoltaik f\u00fcr KID CITY, die 3 Waldheime in LE sowie f\u00fcr den AKI Musberg zur Verf\u00fcgung.<\/p>\n","protected":false},"excerpt":{"rendered":"<p>Vereinssatzung 2018 Zweck des Vereins ist die Unterst\u00fctzung des Umweltschutzes durch die F\u00f6rderung der Nutzung von erneuerbaren Energien mit Schwerpunkt in Leinfelden-Echterdingen. Der zentrale \u00a0Schwerpunkt liegt auf Information und Beratung von \u00d6ffentlichkeit und \u00a0interessierten B\u00fcrgern. Einen weiteren Schwerpunkt bildet das Bestreben, Kinder und Jugendliche fr\u00fchzeitig f\u00fcr Photovoltaik zu interessieren. Unser Vorbild war die gro\u00dfe Photovoltaik-Anlage &hellip; <a href=\"https:\/\/gerhard-frik.de\/LEsolar\/?page_id=28\" class=\"more-link\"><span class=\"screen-reader-text\">\u201eUnser Ziel\u201c <\/span>weiterlesen<\/a><\/p>\n","protected":false},"author":1,"featured_media":0,"parent":0,"menu_order":0,"comment_status":"closed","ping_status":"closed","template":"","meta":{"om_disable_all_campaigns":false,"_monsterinsights_skip_tracking":false,"_monsterinsights_sitenote_active":false,"_monsterinsights_sitenote_note":"","_monsterinsights_sitenote_category":0,"footnotes":""},"class_list":["post-28","page","type-page","status-publish","hentry"],"aioseo_notices":[],"_links":{"self":[{"href":"https:\/\/gerhard-frik.de\/LEsolar\/index.php?rest_route=\/wp\/v2\/pages\/28","targetHints":{"allow":["GET"]}}],"collection":[{"href":"https:\/\/gerhard-frik.de\/LEsolar\/index.php?rest_route=\/wp\/v2\/pages"}],"about":[{"href":"https:\/\/gerhard-frik.de\/LEsolar\/index.php?rest_route=\/wp\/v2\/types\/page"}],"author":[{"embeddable":true,"href":"https:\/\/gerhard-frik.de\/LEsolar\/index.php?rest_route=\/wp\/v2\/users\/1"}],"replies":[{"embeddable":true,"href":"https:\/\/gerhard-frik.de\/LEsolar\/index.php?rest_route=%2Fwp%2Fv2%2Fcomments&post=28"}],"version-history":[{"count":8,"href":"https:\/\/gerhard-frik.de\/LEsolar\/index.php?rest_route=\/wp\/v2\/pages\/28\/revisions"}],"predecessor-version":[{"id":380,"href":"https:\/\/gerhard-frik.de\/LEsolar\/index.php?rest_route=\/wp\/v2\/pages\/28\/revisions\/380"}],"wp:attachment":[{"href":"https:\/\/gerhard-frik.de\/LEsolar\/index.php?rest_route=%2Fwp%2Fv2%2Fmedia&parent=28"}],"curies":[{"name":"wp","href":"https:\/\/api.w.org\/{rel}","templated":true}]}}