{"id":34,"date":"2017-08-16T09:58:43","date_gmt":"2017-08-16T09:58:43","guid":{"rendered":"http:\/\/gerhard-frik.de\/?page_id=34"},"modified":"2021-05-07T08:35:36","modified_gmt":"2021-05-07T08:35:36","slug":"unsere-pv-anlage","status":"publish","type":"page","link":"https:\/\/gerhard-frik.de\/LEsolar\/?page_id=34","title":{"rendered":"Unsere PV-Anlage"},"content":{"rendered":"<p>Die Vereinsanlage konnte im Jahr 2005 auf dem Dach des Philipp-Matth\u00e4us-Hahn-Gymnasiums in Echterdingen errichtet werden. Stadt und Stadtwerke haben uns bei der Umsetzung unterst\u00fctzt.<\/p>\n<p>Die Anlage hat eine Leistung von 5,5 kWp und wurde von der Firma Kurz Solar GmbH aus Stuttgart-Degerloch errichtet. Die Finanzierung erfolgte durch einen KfW-Kredit, durch Privatdarlehen, durch gro\u00dfz\u00fcgige Spenden und mit Hilfe von Eigenleistungen der Vereinsmitglieder beim Aufbau.<\/p>\n<p>Im Jahr 2006 konnte der Verein 3 B\u00fcrger bei der Errichtung von privaten Anlagen auf dem Dach des PMHG beraten und unterst\u00fctzen, so dass nunmehr insgesamt eine Leistung in H\u00f6he von 21,1 kWp installiert ist.<\/p>\n<p><a href=\"https:\/\/gerhard-frik.de\/LEsolar\/?page_id=225\">Ertr\u00e4ge der Anlage<\/a> \u00a0 \u00a0 \u00a0 \u00a0 \u00a0<br \/>\n<a href=\"https:\/\/gerhard-frik.de\/LEsolar\/?page_id=235\">Links zum Thema<\/a> \u00a0 \u00a0 \u00a0 \u00a0 \u00a0<\/p>\n","protected":false},"excerpt":{"rendered":"<p>Die Vereinsanlage konnte im Jahr 2005 auf dem Dach des Philipp-Matth\u00e4us-Hahn-Gymnasiums in Echterdingen errichtet werden. Stadt und Stadtwerke haben uns bei der Umsetzung unterst\u00fctzt. Die Anlage hat eine Leistung von 5,5 kWp und wurde von der Firma Kurz Solar GmbH aus Stuttgart-Degerloch errichtet. Die Finanzierung erfolgte durch einen KfW-Kredit, durch Privatdarlehen, durch gro\u00dfz\u00fcgige Spenden und &hellip; <a href=\"https:\/\/gerhard-frik.de\/LEsolar\/?page_id=34\" class=\"more-link\"><span class=\"screen-reader-text\">\u201eUnsere PV-Anlage\u201c <\/span>weiterlesen<\/a><\/p>\n","protected":false},"author":1,"featured_media":0,"parent":0,"menu_order":0,"comment_status":"closed","ping_status":"closed","template":"","meta":{"om_disable_all_campaigns":false,"_monsterinsights_skip_tracking":false,"_monsterinsights_sitenote_active":false,"_monsterinsights_sitenote_note":"","_monsterinsights_sitenote_category":0,"footnotes":""},"class_list":["post-34","page","type-page","status-publish","hentry"],"aioseo_notices":[],"_links":{"self":[{"href":"https:\/\/gerhard-frik.de\/LEsolar\/index.php?rest_route=\/wp\/v2\/pages\/34","targetHints":{"allow":["GET"]}}],"collection":[{"href":"https:\/\/gerhard-frik.de\/LEsolar\/index.php?rest_route=\/wp\/v2\/pages"}],"about":[{"href":"https:\/\/gerhard-frik.de\/LEsolar\/index.php?rest_route=\/wp\/v2\/types\/page"}],"author":[{"embeddable":true,"href":"https:\/\/gerhard-frik.de\/LEsolar\/index.php?rest_route=\/wp\/v2\/users\/1"}],"replies":[{"embeddable":true,"href":"https:\/\/gerhard-frik.de\/LEsolar\/index.php?rest_route=%2Fwp%2Fv2%2Fcomments&post=34"}],"version-history":[{"count":5,"href":"https:\/\/gerhard-frik.de\/LEsolar\/index.php?rest_route=\/wp\/v2\/pages\/34\/revisions"}],"predecessor-version":[{"id":476,"href":"https:\/\/gerhard-frik.de\/LEsolar\/index.php?rest_route=\/wp\/v2\/pages\/34\/revisions\/476"}],"wp:attachment":[{"href":"https:\/\/gerhard-frik.de\/LEsolar\/index.php?rest_route=%2Fwp%2Fv2%2Fmedia&parent=34"}],"curies":[{"name":"wp","href":"https:\/\/api.w.org\/{rel}","templated":true}]}}